{"id":869,"date":"2025-01-14T07:52:47","date_gmt":"2025-01-14T07:52:47","guid":{"rendered":"https:\/\/mytocelmsk.com\/form-submission\/"},"modified":"2025-04-22T10:32:23","modified_gmt":"2025-04-22T10:32:23","slug":"form-submission","status":"publish","type":"page","link":"https:\/\/mytocelmsk.com\/fr\/form-submission\/","title":{"rendered":"Form Submission &#8211; FR"},"content":{"rendered":"<div class=\"wpb-content-wrapper\"><p>[vc_row][vc_column][vc_column_text css=\u00a0\u00bb\u00a0\u00bb]<\/p>\n<h2 style=\"text-align: center;\">Votre formulaire a \u00e9t\u00e9 envoy\u00e9 avec succ\u00e8s<\/h2>\n<p>[\/vc_column_text][vc_column_text css=\u00a0\u00bb\u00a0\u00bb]<\/p>\n<p style=\"text-align: center;\">Un de nos collaborateurs vous contactera dans les plus brefs d\u00e9lais.<\/p>\n<p>[\/vc_column_text][vc_video link=\u00a0\u00bbhttps:\/\/youtu.be\/lw_9ndxD4fg\u00a0\u00bb align=\u00a0\u00bbcenter\u00a0\u00bb css=\u00a0\u00bb\u00a0\u00bb][\/vc_column][\/vc_row]<\/p>\n<\/div>","protected":false},"excerpt":{"rendered":"<p>[vc_row][vc_column][vc_column_text css=\u00a0\u00bb\u00a0\u00bb] Votre formulaire a \u00e9t\u00e9 envoy\u00e9 avec succ\u00e8s [\/vc_column_text][vc_column_text css=\u00a0\u00bb\u00a0\u00bb] Un de nos collaborateurs vous contactera dans les plus brefs d\u00e9lais. [\/vc_column_text][vc_video link=\u00a0\u00bbhttps:\/\/youtu.be\/lw_9ndxD4fg\u00a0\u00bb align=\u00a0\u00bbcenter\u00a0\u00bb css=\u00a0\u00bb\u00a0\u00bb][\/vc_column][\/vc_row]<\/p>\n","protected":false},"author":3,"featured_media":0,"parent":0,"menu_order":0,"comment_status":"closed","ping_status":"closed","template":"","meta":{"content-type":"","inline_featured_image":false,"footnotes":""},"class_list":["post-869","page","type-page","status-publish","hentry","description-off"],"_links":{"self":[{"href":"https:\/\/mytocelmsk.com\/fr\/wp-json\/wp\/v2\/pages\/869","targetHints":{"allow":["GET"]}}],"collection":[{"href":"https:\/\/mytocelmsk.com\/fr\/wp-json\/wp\/v2\/pages"}],"about":[{"href":"https:\/\/mytocelmsk.com\/fr\/wp-json\/wp\/v2\/types\/page"}],"author":[{"embeddable":true,"href":"https:\/\/mytocelmsk.com\/fr\/wp-json\/wp\/v2\/users\/3"}],"replies":[{"embeddable":true,"href":"https:\/\/mytocelmsk.com\/fr\/wp-json\/wp\/v2\/comments?post=869"}],"version-history":[{"count":5,"href":"https:\/\/mytocelmsk.com\/fr\/wp-json\/wp\/v2\/pages\/869\/revisions"}],"predecessor-version":[{"id":882,"href":"https:\/\/mytocelmsk.com\/fr\/wp-json\/wp\/v2\/pages\/869\/revisions\/882"}],"wp:attachment":[{"href":"https:\/\/mytocelmsk.com\/fr\/wp-json\/wp\/v2\/media?parent=869"}],"curies":[{"name":"wp","href":"https:\/\/api.w.org\/{rel}","templated":true}]}}